{"id":8,"date":"2023-07-31T11:14:33","date_gmt":"2023-07-31T14:14:33","guid":{"rendered":"https:\/\/locacaogramado.com\/?page_id=8"},"modified":"2023-08-03T13:42:59","modified_gmt":"2023-08-03T16:42:59","slug":"apartamento-centro","status":"publish","type":"page","link":"https:\/\/locacaogramado.com\/index.php\/apartamento-centro\/","title":{"rendered":"Apartamento centro"},"content":{"rendered":"<style>\/*! elementor - v3.15.0 - 31-07-2023 *\/\n.elementor-heading-title{padding:0;margin:0;line-height:1}.elementor-widget-heading .elementor-heading-title[class*=elementor-size-]>a{color:inherit;font-size:inherit;line-height:inherit}.elementor-widget-heading .elementor-heading-title.elementor-size-small{font-size:15px}.elementor-widget-heading .elementor-heading-title.elementor-size-medium{font-size:19px}.elementor-widget-heading .elementor-heading-title.elementor-size-large{font-size:29px}.elementor-widget-heading .elementor-heading-title.elementor-size-xl{font-size:39px}.elementor-widget-heading .elementor-heading-title.elementor-size-xxl{font-size:59px}<\/style>\n<h2>\n  Gramado\/RS<br \/>\n  <svg xmlns=\"http:\/\/www.w3.org\/2000\/svg\" width=\"16\" height=\"16\" fill=\"#FF0000\" viewBox=\"0 0 16 16\">\n  <path fill-rule=\"evenodd\" d=\"M8 1.314C12.438-3.248 23.534 4.735 8 15-7.534 4.736 3.562-3.248 8 1.314z\"><\/path>\n<\/svg><br \/>\n<\/h2>\n<style>\/*! elementor - v3.15.0 - 31-07-2023 *\/\n.elementor-widget-image-carousel .swiper,.elementor-widget-image-carousel .swiper-container{position:static}.elementor-widget-image-carousel .swiper-container .swiper-slide figure,.elementor-widget-image-carousel .swiper .swiper-slide figure{line-height:inherit}.elementor-widget-image-carousel .swiper-slide{text-align:center}.elementor-image-carousel-wrapper:not(.swiper-container-initialized):not(.swiper-initialized) .swiper-slide{max-width:calc(100% \/ var(--e-image-carousel-slides-to-show, 3))}<\/style>\n<p>\t\t\t\t\t\t\t\t<a data-elementor-open-lightbox=\"yes\" data-elementor-lightbox-slideshow=\"ba8f7b1\" data-elementor-lightbox-title=\"IMG_5038\" data-e-action-hash=\"#elementor-action%3Aaction%3Dlightbox%26settings%3DeyJpZCI6MTIsInVybCI6Imh0dHBzOlwvXC9sb2NhY2FvZ3JhbWFkby5jb21cL3dwLWNvbnRlbnRcL3VwbG9hZHNcLzIwMjNcLzA3XC9JTUdfNTAzOC1zY2FsZWQuanBnIiwic2xpZGVzaG93IjoiYmE4ZjdiMSJ9\" href=\"https:\/\/locacaogramado.com\/wp-content\/uploads\/2023\/07\/IMG_5038-scaled.jpg\"><\/p>\n<figure><img decoding=\"async\" src=\"https:\/\/locacaogramado.com\/wp-content\/uploads\/2023\/07\/IMG_5038-1024x768.jpg\" alt=\"Sala de estar\" \/><figcaption>Sala de estar<\/figcaption><\/figure>\n<p><\/a><a data-elementor-open-lightbox=\"yes\" data-elementor-lightbox-slideshow=\"ba8f7b1\" data-elementor-lightbox-title=\"IMG_5040\" data-e-action-hash=\"#elementor-action%3Aaction%3Dlightbox%26settings%3DeyJpZCI6MTQsInVybCI6Imh0dHBzOlwvXC9sb2NhY2FvZ3JhbWFkby5jb21cL3dwLWNvbnRlbnRcL3VwbG9hZHNcLzIwMjNcLzA3XC9JTUdfNTA0MC1zY2FsZWQuanBnIiwic2xpZGVzaG93IjoiYmE4ZjdiMSJ9\" href=\"https:\/\/locacaogramado.com\/wp-content\/uploads\/2023\/07\/IMG_5040-scaled.jpg\"><\/p>\n<figure><img decoding=\"async\" src=\"https:\/\/locacaogramado.com\/wp-content\/uploads\/2023\/07\/IMG_5040-1024x768.jpg\" alt=\"Conforto e Eleg\u00e2ncia\" \/><figcaption>Conforto e Eleg\u00e2ncia<\/figcaption><\/figure>\n<p><\/a><a data-elementor-open-lightbox=\"yes\" data-elementor-lightbox-slideshow=\"ba8f7b1\" data-elementor-lightbox-title=\"IMG_5049\" data-e-action-hash=\"#elementor-action%3Aaction%3Dlightbox%26settings%3DeyJpZCI6MjAsInVybCI6Imh0dHBzOlwvXC9sb2NhY2FvZ3JhbWFkby5jb21cL3dwLWNvbnRlbnRcL3VwbG9hZHNcLzIwMjNcLzA3XC9JTUdfNTA0OS1zY2FsZWQuanBnIiwic2xpZGVzaG93IjoiYmE4ZjdiMSJ9\" href=\"https:\/\/locacaogramado.com\/wp-content\/uploads\/2023\/07\/IMG_5049-scaled.jpg\"><\/p>\n<figure><img decoding=\"async\" src=\"https:\/\/locacaogramado.com\/wp-content\/uploads\/2023\/07\/IMG_5049-1024x768.jpg\" alt=\"Sof\u00e1-Cama\" \/><figcaption>Sof\u00e1-Cama<\/figcaption><\/figure>\n<p><\/a><a data-elementor-open-lightbox=\"yes\" data-elementor-lightbox-slideshow=\"ba8f7b1\" data-elementor-lightbox-title=\"IMG_5039\" data-e-action-hash=\"#elementor-action%3Aaction%3Dlightbox%26settings%3DeyJpZCI6MTMsInVybCI6Imh0dHBzOlwvXC9sb2NhY2FvZ3JhbWFkby5jb21cL3dwLWNvbnRlbnRcL3VwbG9hZHNcLzIwMjNcLzA3XC9JTUdfNTAzOS1zY2FsZWQuanBnIiwic2xpZGVzaG93IjoiYmE4ZjdiMSJ9\" href=\"https:\/\/locacaogramado.com\/wp-content\/uploads\/2023\/07\/IMG_5039-scaled.jpg\"><\/p>\n<figure><img decoding=\"async\" src=\"https:\/\/locacaogramado.com\/wp-content\/uploads\/2023\/07\/IMG_5039-1024x768.jpg\" alt=\"Quarto com Sacada\" \/><figcaption>Quarto com Sacada<\/figcaption><\/figure>\n<p><\/a><a data-elementor-open-lightbox=\"yes\" data-elementor-lightbox-slideshow=\"ba8f7b1\" data-elementor-lightbox-title=\"IMG_5050\" data-e-action-hash=\"#elementor-action%3Aaction%3Dlightbox%26settings%3DeyJpZCI6MjEsInVybCI6Imh0dHBzOlwvXC9sb2NhY2FvZ3JhbWFkby5jb21cL3dwLWNvbnRlbnRcL3VwbG9hZHNcLzIwMjNcLzA3XC9JTUdfNTA1MC1zY2FsZWQuanBnIiwic2xpZGVzaG93IjoiYmE4ZjdiMSJ9\" href=\"https:\/\/locacaogramado.com\/wp-content\/uploads\/2023\/07\/IMG_5050-scaled.jpg\"><\/p>\n<figure><img decoding=\"async\" src=\"https:\/\/locacaogramado.com\/wp-content\/uploads\/2023\/07\/IMG_5050-1024x768.jpg\" alt=\"Enxovais Impec\u00e1veis\" \/><figcaption>Enxovais Impec\u00e1veis<\/figcaption><\/figure>\n<p><\/a><a data-elementor-open-lightbox=\"yes\" data-elementor-lightbox-slideshow=\"ba8f7b1\" data-elementor-lightbox-title=\"IMG_5041\" data-e-action-hash=\"#elementor-action%3Aaction%3Dlightbox%26settings%3DeyJpZCI6MTUsInVybCI6Imh0dHBzOlwvXC9sb2NhY2FvZ3JhbWFkby5jb21cL3dwLWNvbnRlbnRcL3VwbG9hZHNcLzIwMjNcLzA3XC9JTUdfNTA0MS1zY2FsZWQuanBnIiwic2xpZGVzaG93IjoiYmE4ZjdiMSJ9\" href=\"https:\/\/locacaogramado.com\/wp-content\/uploads\/2023\/07\/IMG_5041-scaled.jpg\"><\/p>\n<figure><img decoding=\"async\" src=\"https:\/\/locacaogramado.com\/wp-content\/uploads\/2023\/07\/IMG_5041-1024x768.jpg\" alt=\"TV com Netflix\" \/><figcaption>TV com Netflix<\/figcaption><\/figure>\n<p><\/a><a data-elementor-open-lightbox=\"yes\" data-elementor-lightbox-slideshow=\"ba8f7b1\" data-elementor-lightbox-title=\"IMG_5042\" data-e-action-hash=\"#elementor-action%3Aaction%3Dlightbox%26settings%3DeyJpZCI6MTYsInVybCI6Imh0dHBzOlwvXC9sb2NhY2FvZ3JhbWFkby5jb21cL3dwLWNvbnRlbnRcL3VwbG9hZHNcLzIwMjNcLzA3XC9JTUdfNTA0Mi1zY2FsZWQuanBnIiwic2xpZGVzaG93IjoiYmE4ZjdiMSJ9\" href=\"https:\/\/locacaogramado.com\/wp-content\/uploads\/2023\/07\/IMG_5042-scaled.jpg\"><\/p>\n<figure><img decoding=\"async\" src=\"https:\/\/locacaogramado.com\/wp-content\/uploads\/2023\/07\/IMG_5042-1024x768.jpg\" alt=\"Cozinha Americana\" \/><figcaption>Cozinha Americana<\/figcaption><\/figure>\n<p><\/a><a data-elementor-open-lightbox=\"yes\" data-elementor-lightbox-slideshow=\"ba8f7b1\" data-elementor-lightbox-title=\"IMG_5044\" data-e-action-hash=\"#elementor-action%3Aaction%3Dlightbox%26settings%3DeyJpZCI6MTgsInVybCI6Imh0dHBzOlwvXC9sb2NhY2FvZ3JhbWFkby5jb21cL3dwLWNvbnRlbnRcL3VwbG9hZHNcLzIwMjNcLzA3XC9JTUdfNTA0NC1zY2FsZWQuanBnIiwic2xpZGVzaG93IjoiYmE4ZjdiMSJ9\" href=\"https:\/\/locacaogramado.com\/wp-content\/uploads\/2023\/07\/IMG_5044-scaled.jpg\"><\/p>\n<figure><img decoding=\"async\" src=\"https:\/\/locacaogramado.com\/wp-content\/uploads\/2023\/07\/IMG_5044-1024x768.jpg\" alt=\"\u00c1rea de Servi\u00e7o\" \/><figcaption>\u00c1rea de Servi\u00e7o<\/figcaption><\/figure>\n<p><\/a><a data-elementor-open-lightbox=\"yes\" data-elementor-lightbox-slideshow=\"ba8f7b1\" data-elementor-lightbox-title=\"IMG_5043\" data-e-action-hash=\"#elementor-action%3Aaction%3Dlightbox%26settings%3DeyJpZCI6MTcsInVybCI6Imh0dHBzOlwvXC9sb2NhY2FvZ3JhbWFkby5jb21cL3dwLWNvbnRlbnRcL3VwbG9hZHNcLzIwMjNcLzA3XC9JTUdfNTA0My1zY2FsZWQuanBnIiwic2xpZGVzaG93IjoiYmE4ZjdiMSJ9\" href=\"https:\/\/locacaogramado.com\/wp-content\/uploads\/2023\/07\/IMG_5043-scaled.jpg\"><\/p>\n<figure><img decoding=\"async\" src=\"https:\/\/locacaogramado.com\/wp-content\/uploads\/2023\/07\/IMG_5043-1024x768.jpg\" alt=\"Geladeira\" \/><figcaption>Geladeira<\/figcaption><\/figure>\n<p><\/a><a data-elementor-open-lightbox=\"yes\" data-elementor-lightbox-slideshow=\"ba8f7b1\" data-elementor-lightbox-title=\"IMG_5046\" data-e-action-hash=\"#elementor-action%3Aaction%3Dlightbox%26settings%3DeyJpZCI6MTksInVybCI6Imh0dHBzOlwvXC9sb2NhY2FvZ3JhbWFkby5jb21cL3dwLWNvbnRlbnRcL3VwbG9hZHNcLzIwMjNcLzA3XC9JTUdfNTA0Ni1zY2FsZWQuanBnIiwic2xpZGVzaG93IjoiYmE4ZjdiMSJ9\" href=\"https:\/\/locacaogramado.com\/wp-content\/uploads\/2023\/07\/IMG_5046-scaled.jpg\"><\/p>\n<figure><img decoding=\"async\" src=\"https:\/\/locacaogramado.com\/wp-content\/uploads\/2023\/07\/IMG_5046-1024x768.jpg\" alt=\"Banheiro\" \/><figcaption>Banheiro<\/figcaption><\/figure>\n<p><\/a><a data-elementor-open-lightbox=\"yes\" data-elementor-lightbox-slideshow=\"ba8f7b1\" data-elementor-lightbox-title=\"rua coberta\" data-e-action-hash=\"#elementor-action%3Aaction%3Dlightbox%26settings%3DeyJpZCI6MTIxLCJ1cmwiOiJodHRwczpcL1wvbG9jYWNhb2dyYW1hZG8uY29tXC93cC1jb250ZW50XC91cGxvYWRzXC8yMDIzXC8wN1wvcnVhLWNvYmVydGEucG5nIiwic2xpZGVzaG93IjoiYmE4ZjdiMSJ9\" href=\"https:\/\/locacaogramado.com\/wp-content\/uploads\/2023\/07\/rua-coberta.png\"><\/p>\n<figure><img decoding=\"async\" src=\"https:\/\/locacaogramado.com\/wp-content\/uploads\/2023\/07\/rua-coberta-1024x768.png\" alt=\"Rua Coberta\" \/><figcaption>Rua Coberta<\/figcaption><\/figure>\n<p><\/a><a data-elementor-open-lightbox=\"yes\" data-elementor-lightbox-slideshow=\"ba8f7b1\" data-elementor-lightbox-title=\"igrejamatriz\" data-e-action-hash=\"#elementor-action%3Aaction%3Dlightbox%26settings%3DeyJpZCI6MTI1LCJ1cmwiOiJodHRwczpcL1wvbG9jYWNhb2dyYW1hZG8uY29tXC93cC1jb250ZW50XC91cGxvYWRzXC8yMDIzXC8wN1wvaWdyZWphbWF0cml6LnBuZyIsInNsaWRlc2hvdyI6ImJhOGY3YjEifQ%3D%3D\" href=\"https:\/\/locacaogramado.com\/wp-content\/uploads\/2023\/07\/igrejamatriz.png\"><\/p>\n<figure><img decoding=\"async\" src=\"https:\/\/locacaogramado.com\/wp-content\/uploads\/2023\/07\/igrejamatriz-1024x768.png\" alt=\"Igreja Matriz S\u00e3o Pedro\" \/><figcaption>Igreja Matriz S\u00e3o Pedro<\/figcaption><\/figure>\n<p><\/a><a data-elementor-open-lightbox=\"yes\" data-elementor-lightbox-slideshow=\"ba8f7b1\" data-elementor-lightbox-title=\"fonteamor\" data-e-action-hash=\"#elementor-action%3Aaction%3Dlightbox%26settings%3DeyJpZCI6MTI2LCJ1cmwiOiJodHRwczpcL1wvbG9jYWNhb2dyYW1hZG8uY29tXC93cC1jb250ZW50XC91cGxvYWRzXC8yMDIzXC8wN1wvZm9udGVhbW9yLnBuZyIsInNsaWRlc2hvdyI6ImJhOGY3YjEifQ%3D%3D\" href=\"https:\/\/locacaogramado.com\/wp-content\/uploads\/2023\/07\/fonteamor.png\"><\/p>\n<figure><img decoding=\"async\" src=\"https:\/\/locacaogramado.com\/wp-content\/uploads\/2023\/07\/fonteamor-1024x768.png\" alt=\"Fonte do Amor Eterno\" \/><figcaption>Fonte do Amor Eterno<\/figcaption><\/figure>\n<p><\/a><a data-elementor-open-lightbox=\"yes\" data-elementor-lightbox-slideshow=\"ba8f7b1\" data-elementor-lightbox-title=\"ruatorta\" data-e-action-hash=\"#elementor-action%3Aaction%3Dlightbox%26settings%3DeyJpZCI6MTI3LCJ1cmwiOiJodHRwczpcL1wvbG9jYWNhb2dyYW1hZG8uY29tXC93cC1jb250ZW50XC91cGxvYWRzXC8yMDIzXC8wN1wvcnVhdG9ydGEucG5nIiwic2xpZGVzaG93IjoiYmE4ZjdiMSJ9\" href=\"https:\/\/locacaogramado.com\/wp-content\/uploads\/2023\/07\/ruatorta.png\"><\/p>\n<figure><img decoding=\"async\" src=\"https:\/\/locacaogramado.com\/wp-content\/uploads\/2023\/07\/ruatorta-1024x768.png\" alt=\"Rua Torta\" \/><figcaption>Rua Torta<\/figcaption><\/figure>\n<p><\/a>\t\t\t<\/p>\n<h2>Apartamento Atr\u00e1s da Rua Coberta<\/h2>\n<p>  <svg xmlns=\"http:\/\/www.w3.org\/2000\/svg\" width=\"16\" height=\"16\" fill=\"currentColor\" viewBox=\"0 0 16 16\">\n    <path d=\"M3.612 15.443c-.386.198-.824-.149-.746-.592l.83-4.73L.173 6.765c-.329-.314-.158-.888.283-.95l4.898-.696L7.538.792c.197-.39.73-.39.927 0l2.184 4.327 4.898.696c.441.062.612.636.282.95l-3.522 3.356.83 4.73c.078.443-.36.79-.746.592L8 13.187l-4.389 2.256z\"><\/path>\n  <\/svg><br \/>\n   Novidades<\/p>\n<h2>Gramado, Rio Grande do Sul, Brasil<\/h2>\n<style>\/*! elementor - v3.15.0 - 31-07-2023 *\/\n.elementor-widget-divider{--divider-border-style:none;--divider-border-width:1px;--divider-color:#0c0d0e;--divider-icon-size:20px;--divider-element-spacing:10px;--divider-pattern-height:24px;--divider-pattern-size:20px;--divider-pattern-url:none;--divider-pattern-repeat:repeat-x}.elementor-widget-divider .elementor-divider{display:flex}.elementor-widget-divider .elementor-divider__text{font-size:15px;line-height:1;max-width:95%}.elementor-widget-divider .elementor-divider__element{margin:0 var(--divider-element-spacing);flex-shrink:0}.elementor-widget-divider .elementor-icon{font-size:var(--divider-icon-size)}.elementor-widget-divider .elementor-divider-separator{display:flex;margin:0;direction:ltr}.elementor-widget-divider--view-line_icon .elementor-divider-separator,.elementor-widget-divider--view-line_text .elementor-divider-separator{align-items:center}.elementor-widget-divider--view-line_icon .elementor-divider-separator:after,.elementor-widget-divider--view-line_icon .elementor-divider-separator:before,.elementor-widget-divider--view-line_text .elementor-divider-separator:after,.elementor-widget-divider--view-line_text .elementor-divider-separator:before{display:block;content:\"\";border-bottom:0;flex-grow:1;border-top:var(--divider-border-width) var(--divider-border-style) var(--divider-color)}.elementor-widget-divider--element-align-left .elementor-divider .elementor-divider-separator>.elementor-divider__svg:first-of-type{flex-grow:0;flex-shrink:100}.elementor-widget-divider--element-align-left .elementor-divider-separator:before{content:none}.elementor-widget-divider--element-align-left .elementor-divider__element{margin-left:0}.elementor-widget-divider--element-align-right .elementor-divider .elementor-divider-separator>.elementor-divider__svg:last-of-type{flex-grow:0;flex-shrink:100}.elementor-widget-divider--element-align-right .elementor-divider-separator:after{content:none}.elementor-widget-divider--element-align-right .elementor-divider__element{margin-right:0}.elementor-widget-divider:not(.elementor-widget-divider--view-line_text):not(.elementor-widget-divider--view-line_icon) .elementor-divider-separator{border-top:var(--divider-border-width) var(--divider-border-style) var(--divider-color)}.elementor-widget-divider--separator-type-pattern{--divider-border-style:none}.elementor-widget-divider--separator-type-pattern.elementor-widget-divider--view-line .elementor-divider-separator,.elementor-widget-divider--separator-type-pattern:not(.elementor-widget-divider--view-line) .elementor-divider-separator:after,.elementor-widget-divider--separator-type-pattern:not(.elementor-widget-divider--view-line) .elementor-divider-separator:before,.elementor-widget-divider--separator-type-pattern:not([class*=elementor-widget-divider--view]) .elementor-divider-separator{width:100%;min-height:var(--divider-pattern-height);-webkit-mask-size:var(--divider-pattern-size) 100%;mask-size:var(--divider-pattern-size) 100%;-webkit-mask-repeat:var(--divider-pattern-repeat);mask-repeat:var(--divider-pattern-repeat);background-color:var(--divider-color);-webkit-mask-image:var(--divider-pattern-url);mask-image:var(--divider-pattern-url)}.elementor-widget-divider--no-spacing{--divider-pattern-size:auto}.elementor-widget-divider--bg-round{--divider-pattern-repeat:round}.rtl .elementor-widget-divider .elementor-divider__text{direction:rtl}.e-con-inner>.elementor-widget-divider,.e-con>.elementor-widget-divider{width:var(--container-widget-width,100%);--flex-grow:var(--container-widget-flex-grow)}<\/style>\n<h2>Sobre este espa\u00e7o<\/h2>\n<p>Aproveite sua estadia em um lugar aconchegante e perfeitamente localizado, a <b>apenas 1 minuto da famosa Rua Coberta<\/b>, repleta de restaurantes com deliciosas iguarias!<\/p>\n<p>Desfrute de um <b>conforto excepcional<\/b> e \u00f3timo custo-benef\u00edcio no cora\u00e7\u00e3o da cidade, sem a necessidade de utilizar ve\u00edculo! Nossa localiza\u00e7\u00e3o privilegiada coloca voc\u00ea pr\u00f3ximo aos melhores<\/p>\n<h2>\n<h2 tabindex=\"-1\" elementtiming=\"LCP-target\" style=\"margin: 0px; outline: 0px; color: rgb(34, 34, 34); font-size: 1em; font-weight: inherit; line-height: inherit; padding: 0px; font-family: Circular, -apple-system, BlinkMacSystemFont, Roboto, &quot;Helvetica Neue&quot;, sans-serif; white-space-collapse: collapse;\">Onde voc\u00ea estar\u00e1<\/h2>\n<\/h2>\n<style>\/*! elementor - v3.15.0 - 31-07-2023 *\/\n.elementor-widget-image{text-align:center}.elementor-widget-image a{display:inline-block}.elementor-widget-image a img[src$=\".svg\"]{width:48px}.elementor-widget-image img{vertical-align:middle;display:inline-block}<\/style>\n<p>\t\t\t\t\t\t\t\t\t\t\t\t\t<a href=\"https:\/\/locacaogramado.com\/wp-content\/uploads\/2023\/08\/mapa.png\" data-elementor-open-lightbox=\"yes\" data-elementor-lightbox-title=\"mapa\" data-e-action-hash=\"#elementor-action%3Aaction%3Dlightbox%26settings%3DeyJpZCI6MTc0LCJ1cmwiOiJodHRwczpcL1wvbG9jYWNhb2dyYW1hZG8uY29tXC93cC1jb250ZW50XC91cGxvYWRzXC8yMDIzXC8wOFwvbWFwYS5wbmcifQ%3D%3D\"><br \/>\n\t\t\t\t\t\t\t<img decoding=\"async\" width=\"1024\" height=\"438\" src=\"https:\/\/locacaogramado.com\/wp-content\/uploads\/2023\/08\/mapa-1024x438.png\" alt=\"\" loading=\"lazy\" srcset=\"https:\/\/locacaogramado.com\/wp-content\/uploads\/2023\/08\/mapa-1024x438.png 1024w, https:\/\/locacaogramado.com\/wp-content\/uploads\/2023\/08\/mapa-300x128.png 300w, https:\/\/locacaogramado.com\/wp-content\/uploads\/2023\/08\/mapa-768x329.png 768w, https:\/\/locacaogramado.com\/wp-content\/uploads\/2023\/08\/mapa.png 1224w\" sizes=\"(max-width: 1024px) 100vw, 1024px\" \/>\t\t\t\t\t\t\t\t<\/a><br \/>\n\t\t\t<a href=\"https:\/\/wa.me\/5511940535964?text=Ol%C3%A1%2C+tenho+interesse%21\"><br \/>\n\t\t\t\t\t\tConferir disponibilidade<br \/>\n\t\t\t\t\t<\/a><\/p>\n","protected":false},"excerpt":{"rendered":"<p>Gramado\/RS Sala de estar Conforto e Eleg\u00e2ncia Sof\u00e1-Cama Quarto com Sacada Enxovais Impec\u00e1veis TV com Netflix Cozinha Americana \u00c1rea de Servi\u00e7o Geladeira Banheiro Rua Coberta Igreja Matriz S\u00e3o Pedro Fonte do Amor Eterno Rua Torta Apartamento Atr\u00e1s da Rua Coberta Novidades Gramado, Rio Grande do Sul, Brasil Sobre este espa\u00e7o Aproveite sua estadia em um [&hellip;]<\/p>\n","protected":false},"author":1,"featured_media":0,"parent":0,"menu_order":0,"comment_status":"closed","ping_status":"closed","template":"elementor_canvas","meta":[],"_links":{"self":[{"href":"https:\/\/locacaogramado.com\/index.php\/wp-json\/wp\/v2\/pages\/8"}],"collection":[{"href":"https:\/\/locacaogramado.com\/index.php\/wp-json\/wp\/v2\/pages"}],"about":[{"href":"https:\/\/locacaogramado.com\/index.php\/wp-json\/wp\/v2\/types\/page"}],"author":[{"embeddable":true,"href":"https:\/\/locacaogramado.com\/index.php\/wp-json\/wp\/v2\/users\/1"}],"replies":[{"embeddable":true,"href":"https:\/\/locacaogramado.com\/index.php\/wp-json\/wp\/v2\/comments?post=8"}],"version-history":[{"count":139,"href":"https:\/\/locacaogramado.com\/index.php\/wp-json\/wp\/v2\/pages\/8\/revisions"}],"predecessor-version":[{"id":177,"href":"https:\/\/locacaogramado.com\/index.php\/wp-json\/wp\/v2\/pages\/8\/revisions\/177"}],"wp:attachment":[{"href":"https:\/\/locacaogramado.com\/index.php\/wp-json\/wp\/v2\/media?parent=8"}],"curies":[{"name":"wp","href":"https:\/\/api.w.org\/{rel}","templated":true}]}}