{"id":179,"date":"2023-10-25T19:22:20","date_gmt":"2023-10-25T22:22:20","guid":{"rendered":"https:\/\/locacaogramado.com\/?page_id=179"},"modified":"2023-10-25T19:37:07","modified_gmt":"2023-10-25T22:37:07","slug":"teste","status":"publish","type":"page","link":"https:\/\/locacaogramado.com\/index.php\/teste\/","title":{"rendered":"teste"},"content":{"rendered":"<style>\/*! elementor - v3.15.0 - 31-07-2023 *\/\n.elementor-widget-image{text-align:center}.elementor-widget-image a{display:inline-block}.elementor-widget-image a img[src$=\".svg\"]{width:48px}.elementor-widget-image img{vertical-align:middle;display:inline-block}<\/style>\n<p>\t\t\t\t\t\t\t\t\t\t\t\t<img decoding=\"async\" src=\"https:\/\/locacaogramado.com\/wp-content\/uploads\/2023\/10\/Arkama-Logo-Concept-1.png\" title=\"Arkama-Logo-Concept-1.png\" alt=\"Arkama-Logo-Concept-1.png\" loading=\"lazy\" \/><br \/>\n    <a href=\"https:\/\/app.arkama.com.br\/login\" style=\" color: black;\n    font-size: 18px;\n    outline: none;\n    font-weight: bold;\n    text-decoration: none;\n    font-family: system-ui, -apple-system, 'Segoe UI', 'Open Sans', 'Helvetica Neue', sans-serif;\n    margin-right: 20px;\">Entrar<\/a><br \/>\n    <button style=\" background-color: #5833ffc0;\n    padding: 8px 20px;\n    font-size: 15px;\n    color: white;\n    border: none; \n    cursor: pointer; \n    transition: 0.3s;\n    border-radius: 5px;\n    text-decoration: none;\n    font-family: system-ui, -apple-system, 'Segoe UI', 'Open Sans', 'Helvetica Neue', sans-serif;\" onclick=\"window.location.href='https:\/\/app.arkama.com.br\/register'\">Criar Conta<\/button><\/p>\n<style>\/*! elementor - v3.15.0 - 31-07-2023 *\/\n.elementor-heading-title{padding:0;margin:0;line-height:1}.elementor-widget-heading .elementor-heading-title[class*=elementor-size-]>a{color:inherit;font-size:inherit;line-height:inherit}.elementor-widget-heading .elementor-heading-title.elementor-size-small{font-size:15px}.elementor-widget-heading .elementor-heading-title.elementor-size-medium{font-size:19px}.elementor-widget-heading .elementor-heading-title.elementor-size-large{font-size:29px}.elementor-widget-heading .elementor-heading-title.elementor-size-xl{font-size:39px}.elementor-widget-heading .elementor-heading-title.elementor-size-xxl{font-size:59px}<\/style>\n<h2>Pagamentos  <b style=\"color:#5833ffc0;\">&#038;<\/h2>\n<h2>Alta prova\u00e7\u00e3o <b style=\"color:#5833ffc0;\">&#038;<\/h2>\n<h2>Taxa zero <b style=\"color:#5833ffc0;\">&#038;<\/h2>\n<h2>Checkout  <b style=\"color:#5833ffc0;\">Gr\u00e1tis!<\/h2>\n<p>Potencialize suas vendas com uma plantaforma de pagamentos inteligentes, desenvolvidas pra atender as maiorias das demandas da sua empresa acompanhadas por taxa zero em parcelamento.<\/p>\n<p>\t\t\t<a href=\"https:\/\/app.arkama.com.br\/register\"><br \/>\n\t\t\t\t\t\tCriar uma conta<br \/>\n\t\t\t\t\t<\/a><br \/>\n\t\t\t\t\t\t\t\t\t\t\t\t\t\t\t<img decoding=\"async\" src=\"https:\/\/locacaogramado.com\/wp-content\/uploads\/2023\/10\/Vem-Pra-Arkama.png\" title=\"Vem-Pra-Arkama.png\" alt=\"Vem-Pra-Arkama.png\" loading=\"lazy\" \/><\/p>\n","protected":false},"excerpt":{"rendered":"<p>Entrar Criar Conta Pagamentos &#038; Alta prova\u00e7\u00e3o &#038; Taxa zero &#038; Checkout Gr\u00e1tis! Potencialize suas vendas com uma plantaforma de pagamentos inteligentes, desenvolvidas pra atender as maiorias das demandas da sua empresa acompanhadas por taxa zero em parcelamento. Criar uma conta<\/p>\n","protected":false},"author":1,"featured_media":0,"parent":0,"menu_order":0,"comment_status":"closed","ping_status":"closed","template":"elementor_canvas","meta":[],"_links":{"self":[{"href":"https:\/\/locacaogramado.com\/index.php\/wp-json\/wp\/v2\/pages\/179"}],"collection":[{"href":"https:\/\/locacaogramado.com\/index.php\/wp-json\/wp\/v2\/pages"}],"about":[{"href":"https:\/\/locacaogramado.com\/index.php\/wp-json\/wp\/v2\/types\/page"}],"author":[{"embeddable":true,"href":"https:\/\/locacaogramado.com\/index.php\/wp-json\/wp\/v2\/users\/1"}],"replies":[{"embeddable":true,"href":"https:\/\/locacaogramado.com\/index.php\/wp-json\/wp\/v2\/comments?post=179"}],"version-history":[{"count":31,"href":"https:\/\/locacaogramado.com\/index.php\/wp-json\/wp\/v2\/pages\/179\/revisions"}],"predecessor-version":[{"id":227,"href":"https:\/\/locacaogramado.com\/index.php\/wp-json\/wp\/v2\/pages\/179\/revisions\/227"}],"wp:attachment":[{"href":"https:\/\/locacaogramado.com\/index.php\/wp-json\/wp\/v2\/media?parent=179"}],"curies":[{"name":"wp","href":"https:\/\/api.w.org\/{rel}","templated":true}]}}